{"id":11,"date":"2020-08-23T10:21:52","date_gmt":"2020-08-23T08:21:52","guid":{"rendered":"https:\/\/www.spielbrett.co.at\/community\/?page_id=11"},"modified":"2020-08-25T00:37:20","modified_gmt":"2020-08-24T22:37:20","slug":"ranking-der-wuerfelknechte","status":"publish","type":"page","link":"https:\/\/www.spielbrett.co.at\/community\/ranking-der-wuerfelknechte\/","title":{"rendered":"Ranking der W\u00fcrfelknechte"},"content":{"rendered":"\n<p>Wir betreiben neben anderen unterhaltsamen T\u00e4tigkeiten auch ein Spiele <a href=\"https:\/\/www.spielbrett.co.at\/community\/ranking-der-wuerfelknechte\/rankings\/\"><strong>Ranking<\/strong><\/a> \u00fcber das Jahr hinweg.<\/p>\n\n\n\n<p>Wie funktioniert das?<\/p>\n\n\n\n<p>Jeder darf <a href=\"https:\/\/www.spielbrett.co.at\/community\/ranking-der-wuerfelknechte\/spielliste\/\"><strong>Spiele<\/strong><\/a> werten lassen, dazu einfach im Forum ein Spiel unter Spielergebnisse eintragen (In der Regel macht das immer der Gewinner der Partie)<\/p>\n\n\n\n<p>Dies soll Aktivit\u00e4t f\u00f6rdern. Denn jedes Spiel bringt einige Punkte. Gewertet kann im Grunde jedes Spiel werden, jedoch gibt es f\u00fcr Warhammer40k und Age of Sigmar alleinstehende Listen da dies die Hauptsysteme sind die gespielt werden.<\/p>\n\n\n\n<p>Es gibt also ein unkategoriesiertes Ranking (Allgemeines Ranking) ein W40k und AoS <a href=\"https:\/\/www.spielbrett.co.at\/community\/ranking-der-wuerfelknechte\/rankings\/\"><strong>Ranking<\/strong>. <\/a><\/p>\n\n\n\n<p>Nat\u00fcrlich verbirgt sich dahinter ein wenig mehr&#8230; Es gibt zum Jahresende hin eine Siegesfeier mit Preisen f\u00fcr die besten Spieler. Denn das Ranking wird mit Anfang des Jahres wieder zur\u00fcckgesetzt. Der Jahressieger wird nat\u00fcrlich in der die <a href=\"https:\/\/www.spielbrett.co.at\/community\/ranking-der-wuerfelknechte\/hallo-of-fame\/\"><strong>Hall of Fame<\/strong><\/a> verewigt! <\/p>\n\n\n\n<p>Hier auch ein gro\u00dfes Danke an Orga. Mitglied &#8222;Obagruenhaut&#8220; der das Ranking managed und die Daten aufbereitet! <\/p>\n\n\n\n<p>Also auf in den Kampf!<\/p>\n","protected":false},"excerpt":{"rendered":"<p>Wir betreiben neben anderen unterhaltsamen T\u00e4tigkeiten auch ein Spiele Ranking \u00fcber das Jahr hinweg. Wie funktioniert das? Jeder darf Spiele werten lassen, dazu einfach im Forum ein Spiel unter Spielergebnisse eintragen (In der Regel macht das immer der Gewinner der Partie) Dies soll Aktivit\u00e4t f\u00f6rdern. Denn jedes Spiel bringt einige Punkte. Gewertet kann im Grunde [&hellip;]<\/p>\n","protected":false},"author":1,"featured_media":0,"parent":0,"menu_order":2,"comment_status":"closed","ping_status":"closed","template":"","meta":{"footnotes":""},"class_list":["post-11","page","type-page","status-publish","hentry"],"rise-blocks_excerpt":"Wir betreiben neben anderen unterhaltsamen T\u00e4tigkeiten auch ein Spiele Ranking \u00fcber das Jahr hinweg. Wie funktioniert das? Jeder darf Spiele werten lassen, dazu einfach im Forum ein Spiel unter Spielergebnisse eintragen (In der Regel macht das immer der Gewinner der Partie) Dies soll Aktivit\u00e4t f\u00f6rdern. Denn jedes Spiel bringt einige Punkte. Gewertet kann im Grunde jedes Spiel werden, jedoch gibt..","_links":{"self":[{"href":"https:\/\/www.spielbrett.co.at\/community\/wp-json\/wp\/v2\/pages\/11","targetHints":{"allow":["GET"]}}],"collection":[{"href":"https:\/\/www.spielbrett.co.at\/community\/wp-json\/wp\/v2\/pages"}],"about":[{"href":"https:\/\/www.spielbrett.co.at\/community\/wp-json\/wp\/v2\/types\/page"}],"author":[{"embeddable":true,"href":"https:\/\/www.spielbrett.co.at\/community\/wp-json\/wp\/v2\/users\/1"}],"replies":[{"embeddable":true,"href":"https:\/\/www.spielbrett.co.at\/community\/wp-json\/wp\/v2\/comments?post=11"}],"version-history":[{"count":9,"href":"https:\/\/www.spielbrett.co.at\/community\/wp-json\/wp\/v2\/pages\/11\/revisions"}],"predecessor-version":[{"id":177,"href":"https:\/\/www.spielbrett.co.at\/community\/wp-json\/wp\/v2\/pages\/11\/revisions\/177"}],"wp:attachment":[{"href":"https:\/\/www.spielbrett.co.at\/community\/wp-json\/wp\/v2\/media?parent=11"}],"curies":[{"name":"wp","href":"https:\/\/api.w.org\/{rel}","templated":true}]}}